{"id":1076,"date":"2019-06-11T10:35:08","date_gmt":"2019-06-11T10:35:08","guid":{"rendered":"https:\/\/jyrkkala.dev.sst.fi\/?page_id=1076"},"modified":"2021-03-29T13:35:13","modified_gmt":"2021-03-29T13:35:13","slug":"contact-information","status":"publish","type":"page","link":"https:\/\/www.jyrkkala.fi\/en\/contact-information\/","title":{"rendered":"Contact information"},"content":{"rendered":"<h1>Contact information<\/h1>\n<p>Please read the answers to frequently asked questions before contacting us:<\/p>\n<p><a href=\"https:\/\/jyrkkala.fi\/en\/for-residents\/faq\/\"><strong>See frequently asked questions \u00bb<\/strong><\/a><\/p>\n<h4>Jyrkk\u00e4l\u00e4npolku office<\/h4>\n<p>Jyrkk\u00e4l\u00e4nkatu 2, 20210 Turku<\/p>\n<p>Tel. +358 (0)2 2788 880,\u00a0<a href=\"mailto:info@jyrkkala.fi\"><strong>info@jyrkkala.fi<\/strong><\/a><strong>\u00a0<\/strong><\/p>\n<p><strong>Opening hours<\/strong><\/p>\n<p>Mon, Tue, Fri from 12 noon to 3 p.m.<\/p>\n<p>Wed, Thu from 12 noon to 4 p.m.<\/p>\n<p><strong>Telephone service<\/strong><\/p>\n<p>Mon, Tue, Fri from 12 noon to 3 p.m.<\/p>\n<p>Wed, Thu from 12 noon to 4 p.m.<\/p>\n<p><strong>On-call service in the evenings and weekends<\/strong><\/p>\n<p>Tel. +358 (0)500 824\u00a0068<\/p>\n","protected":false},"excerpt":{"rendered":"<p>Contact information Please read the answers to frequently asked questions before contacting us: See frequently asked questions \u00bb Jyrkk\u00e4l\u00e4npolku office Jyrkk\u00e4l\u00e4nkatu 2, 20210 Turku Tel. +358 (0)2 2788 880,\u00a0info@jyrkkala.fi\u00a0 Opening hours Mon, Tue, Fri from 12 noon to 3 p.m. Wed, Thu from 12 noon to 4 p.m. Telephone service Mon, Tue, Fri from 12 [&hellip;]<\/p>\n","protected":false},"author":12,"featured_media":2821,"parent":0,"menu_order":0,"comment_status":"closed","ping_status":"closed","template":"contact-page.php","meta":{"_acf_changed":false,"inline_featured_image":false,"footnotes":""},"class_list":["post-1076","page","type-page","status-publish","has-post-thumbnail","hentry"],"acf":[],"yoast_head":"<!-- This site is optimized with the Yoast SEO plugin v27.3 - https:\/\/yoast.com\/product\/yoast-seo-wordpress\/ -->\n<title>Contact information | KOy Jyrkk\u00e4l\u00e4npolku Turku | Customer service<\/title>\n<meta name=\"description\" content=\"Jyrkk\u00e4l\u00e4 is a cozy residental area close to nature about 5 km from Turku city centre. On this page you can find the contact details of our customer service.\" \/>\n<meta name=\"robots\" content=\"index, follow, max-snippet:-1, max-image-preview:large, max-video-preview:-1\" \/>\n<link rel=\"canonical\" href=\"https:\/\/jyrkkala.fi\/en\/contact-information\/\" \/>\n<meta property=\"og:locale\" content=\"en_US\" \/>\n<meta property=\"og:type\" content=\"article\" \/>\n<meta property=\"og:title\" content=\"Contact information | KOy Jyrkk\u00e4l\u00e4npolku Turku | Customer service\" \/>\n<meta property=\"og:description\" content=\"Jyrkk\u00e4l\u00e4 is a cozy residental area close to nature about 5 km from Turku city centre. On this page you can find the contact details of our customer service.\" \/>\n<meta property=\"og:url\" content=\"https:\/\/jyrkkala.fi\/en\/contact-information\/\" \/>\n<meta property=\"og:site_name\" content=\"KOy Jyrkk\u00e4l\u00e4npolku Turku\" \/>\n<meta property=\"article:modified_time\" content=\"2021-03-29T13:35:13+00:00\" \/>\n<meta property=\"og:image\" content=\"https:\/\/jyrkkala.fi\/content\/uploads\/2021\/03\/jyrkkala_alasivu_header_yhteystiedot.jpg\" \/>\n\t<meta property=\"og:image:width\" content=\"895\" \/>\n\t<meta property=\"og:image:height\" content=\"327\" \/>\n\t<meta property=\"og:image:type\" content=\"image\/jpeg\" \/>\n<meta name=\"twitter:card\" content=\"summary_large_image\" \/>\n<meta name=\"twitter:label1\" content=\"Est. reading time\" \/>\n\t<meta name=\"twitter:data1\" content=\"1 minute\" \/>\n<script type=\"application\/ld+json\" class=\"yoast-schema-graph\">{\"@context\":\"https:\\\/\\\/schema.org\",\"@graph\":[{\"@type\":\"WebPage\",\"@id\":\"https:\\\/\\\/jyrkkala.fi\\\/en\\\/contact-information\\\/\",\"url\":\"https:\\\/\\\/jyrkkala.fi\\\/en\\\/contact-information\\\/\",\"name\":\"Contact information | KOy Jyrkk\u00e4l\u00e4npolku Turku | Customer service\",\"isPartOf\":{\"@id\":\"https:\\\/\\\/jyrkkala.fi\\\/#website\"},\"primaryImageOfPage\":{\"@id\":\"https:\\\/\\\/jyrkkala.fi\\\/en\\\/contact-information\\\/#primaryimage\"},\"image\":{\"@id\":\"https:\\\/\\\/jyrkkala.fi\\\/en\\\/contact-information\\\/#primaryimage\"},\"thumbnailUrl\":\"https:\\\/\\\/www.jyrkkala.fi\\\/content\\\/uploads\\\/2021\\\/03\\\/jyrkkala_alasivu_header_yhteystiedot.jpg\",\"datePublished\":\"2019-06-11T10:35:08+00:00\",\"dateModified\":\"2021-03-29T13:35:13+00:00\",\"description\":\"Jyrkk\u00e4l\u00e4 is a cozy residental area close to nature about 5 km from Turku city centre. On this page you can find the contact details of our customer service.\",\"breadcrumb\":{\"@id\":\"https:\\\/\\\/jyrkkala.fi\\\/en\\\/contact-information\\\/#breadcrumb\"},\"inLanguage\":\"en-US\",\"potentialAction\":[{\"@type\":\"ReadAction\",\"target\":[\"https:\\\/\\\/jyrkkala.fi\\\/en\\\/contact-information\\\/\"]}]},{\"@type\":\"ImageObject\",\"inLanguage\":\"en-US\",\"@id\":\"https:\\\/\\\/jyrkkala.fi\\\/en\\\/contact-information\\\/#primaryimage\",\"url\":\"https:\\\/\\\/www.jyrkkala.fi\\\/content\\\/uploads\\\/2021\\\/03\\\/jyrkkala_alasivu_header_yhteystiedot.jpg\",\"contentUrl\":\"https:\\\/\\\/www.jyrkkala.fi\\\/content\\\/uploads\\\/2021\\\/03\\\/jyrkkala_alasivu_header_yhteystiedot.jpg\",\"width\":895,\"height\":327,\"caption\":\"Jyrkk\u00e4l\u00e4n kerrostalo ja julkisivutaidetta Turussa\"},{\"@type\":\"BreadcrumbList\",\"@id\":\"https:\\\/\\\/jyrkkala.fi\\\/en\\\/contact-information\\\/#breadcrumb\",\"itemListElement\":[{\"@type\":\"ListItem\",\"position\":1,\"name\":\"Home\",\"item\":\"https:\\\/\\\/jyrkkala.fi\\\/en\\\/\"},{\"@type\":\"ListItem\",\"position\":2,\"name\":\"Contact information\"}]},{\"@type\":\"WebSite\",\"@id\":\"https:\\\/\\\/jyrkkala.fi\\\/#website\",\"url\":\"https:\\\/\\\/jyrkkala.fi\\\/\",\"name\":\"KOy Jyrkk\u00e4l\u00e4npolku Turku\",\"description\":\"\",\"potentialAction\":[{\"@type\":\"SearchAction\",\"target\":{\"@type\":\"EntryPoint\",\"urlTemplate\":\"https:\\\/\\\/jyrkkala.fi\\\/?s={search_term_string}\"},\"query-input\":{\"@type\":\"PropertyValueSpecification\",\"valueRequired\":true,\"valueName\":\"search_term_string\"}}],\"inLanguage\":\"en-US\"}]}<\/script>\n<!-- \/ Yoast SEO plugin. -->","yoast_head_json":{"title":"Contact information | KOy Jyrkk\u00e4l\u00e4npolku Turku | Customer service","description":"Jyrkk\u00e4l\u00e4 is a cozy residental area close to nature about 5 km from Turku city centre. On this page you can find the contact details of our customer service.","robots":{"index":"index","follow":"follow","max-snippet":"max-snippet:-1","max-image-preview":"max-image-preview:large","max-video-preview":"max-video-preview:-1"},"canonical":"https:\/\/jyrkkala.fi\/en\/contact-information\/","og_locale":"en_US","og_type":"article","og_title":"Contact information | KOy Jyrkk\u00e4l\u00e4npolku Turku | Customer service","og_description":"Jyrkk\u00e4l\u00e4 is a cozy residental area close to nature about 5 km from Turku city centre. On this page you can find the contact details of our customer service.","og_url":"https:\/\/jyrkkala.fi\/en\/contact-information\/","og_site_name":"KOy Jyrkk\u00e4l\u00e4npolku Turku","article_modified_time":"2021-03-29T13:35:13+00:00","og_image":[{"width":895,"height":327,"url":"https:\/\/jyrkkala.fi\/content\/uploads\/2021\/03\/jyrkkala_alasivu_header_yhteystiedot.jpg","type":"image\/jpeg"}],"twitter_card":"summary_large_image","twitter_misc":{"Est. reading time":"1 minute"},"schema":{"@context":"https:\/\/schema.org","@graph":[{"@type":"WebPage","@id":"https:\/\/jyrkkala.fi\/en\/contact-information\/","url":"https:\/\/jyrkkala.fi\/en\/contact-information\/","name":"Contact information | KOy Jyrkk\u00e4l\u00e4npolku Turku | Customer service","isPartOf":{"@id":"https:\/\/jyrkkala.fi\/#website"},"primaryImageOfPage":{"@id":"https:\/\/jyrkkala.fi\/en\/contact-information\/#primaryimage"},"image":{"@id":"https:\/\/jyrkkala.fi\/en\/contact-information\/#primaryimage"},"thumbnailUrl":"https:\/\/www.jyrkkala.fi\/content\/uploads\/2021\/03\/jyrkkala_alasivu_header_yhteystiedot.jpg","datePublished":"2019-06-11T10:35:08+00:00","dateModified":"2021-03-29T13:35:13+00:00","description":"Jyrkk\u00e4l\u00e4 is a cozy residental area close to nature about 5 km from Turku city centre. On this page you can find the contact details of our customer service.","breadcrumb":{"@id":"https:\/\/jyrkkala.fi\/en\/contact-information\/#breadcrumb"},"inLanguage":"en-US","potentialAction":[{"@type":"ReadAction","target":["https:\/\/jyrkkala.fi\/en\/contact-information\/"]}]},{"@type":"ImageObject","inLanguage":"en-US","@id":"https:\/\/jyrkkala.fi\/en\/contact-information\/#primaryimage","url":"https:\/\/www.jyrkkala.fi\/content\/uploads\/2021\/03\/jyrkkala_alasivu_header_yhteystiedot.jpg","contentUrl":"https:\/\/www.jyrkkala.fi\/content\/uploads\/2021\/03\/jyrkkala_alasivu_header_yhteystiedot.jpg","width":895,"height":327,"caption":"Jyrkk\u00e4l\u00e4n kerrostalo ja julkisivutaidetta Turussa"},{"@type":"BreadcrumbList","@id":"https:\/\/jyrkkala.fi\/en\/contact-information\/#breadcrumb","itemListElement":[{"@type":"ListItem","position":1,"name":"Home","item":"https:\/\/jyrkkala.fi\/en\/"},{"@type":"ListItem","position":2,"name":"Contact information"}]},{"@type":"WebSite","@id":"https:\/\/jyrkkala.fi\/#website","url":"https:\/\/jyrkkala.fi\/","name":"KOy Jyrkk\u00e4l\u00e4npolku Turku","description":"","potentialAction":[{"@type":"SearchAction","target":{"@type":"EntryPoint","urlTemplate":"https:\/\/jyrkkala.fi\/?s={search_term_string}"},"query-input":{"@type":"PropertyValueSpecification","valueRequired":true,"valueName":"search_term_string"}}],"inLanguage":"en-US"}]}},"_links":{"self":[{"href":"https:\/\/www.jyrkkala.fi\/en\/wp-json\/wp\/v2\/pages\/1076","targetHints":{"allow":["GET"]}}],"collection":[{"href":"https:\/\/www.jyrkkala.fi\/en\/wp-json\/wp\/v2\/pages"}],"about":[{"href":"https:\/\/www.jyrkkala.fi\/en\/wp-json\/wp\/v2\/types\/page"}],"author":[{"embeddable":true,"href":"https:\/\/www.jyrkkala.fi\/en\/wp-json\/wp\/v2\/users\/12"}],"replies":[{"embeddable":true,"href":"https:\/\/www.jyrkkala.fi\/en\/wp-json\/wp\/v2\/comments?post=1076"}],"version-history":[{"count":10,"href":"https:\/\/www.jyrkkala.fi\/en\/wp-json\/wp\/v2\/pages\/1076\/revisions"}],"predecessor-version":[{"id":3084,"href":"https:\/\/www.jyrkkala.fi\/en\/wp-json\/wp\/v2\/pages\/1076\/revisions\/3084"}],"wp:featuredmedia":[{"embeddable":true,"href":"https:\/\/www.jyrkkala.fi\/en\/wp-json\/wp\/v2\/media\/2821"}],"wp:attachment":[{"href":"https:\/\/www.jyrkkala.fi\/en\/wp-json\/wp\/v2\/media?parent=1076"}],"curies":[{"name":"wp","href":"https:\/\/api.w.org\/{rel}","templated":true}]}}