{"id":163,"date":"2019-06-06T06:35:17","date_gmt":"2019-06-06T06:35:17","guid":{"rendered":"https:\/\/jyrkkala.dev.sst.fi\/?page_id=163"},"modified":"2021-04-01T07:29:03","modified_gmt":"2021-04-01T07:29:03","slug":"residents-guide","status":"publish","type":"page","link":"https:\/\/www.jyrkkala.fi\/en\/for-residents\/residents-guide\/","title":{"rendered":"Resident&#8217;s guide"},"content":{"rendered":"<p>Welcome to the resident&#8217;s guide! Here you will find useful tips for living and saving energy, as well as instructions for new residents of KOy Jyrkk\u00e4l\u00e4npolku.<\/p>\n<p><a href=\"https:\/\/jyrkkala.fi\/en\/residents-guide\/information-for-new-residents\/\">Information for new residents \u00bb<\/a><\/p>\n<p><a href=\"https:\/\/jyrkkala.fi\/en\/residents-guide\/take-care-of-your-home\/\">How to take care of your home \u00bb<\/a><\/p>\n<p><a href=\"https:\/\/jyrkkala.fi\/en\/residents-guide\/saving-energy-at-home\/\">Saving energy at home \u00bb<\/a><\/p>\n<p><a href=\"https:\/\/jyrkkala.fi\/en\/residents-guide\/safety-instructions\/\">Safety instructions \u2013 what to do in case of a fire? \u00bb<\/a><\/p>\n<p><a href=\"https:\/\/jyrkkala.fi\/en\/residents-guide\/checklist-for-moving-out\/\">Checklist for moving out \u00bb<\/a><\/p>\n<p><a href=\"https:\/\/jyrkkala.fi\/en\/residents-guide\/safety-during-the-pandemic\/\">Safety during the pandemic \u00bb<\/a><\/p>\n","protected":false},"excerpt":{"rendered":"<p>Welcome to the resident&#8217;s guide! Here you will find useful tips for living and saving energy, as well as instructions for new residents of KOy Jyrkk\u00e4l\u00e4npolku. Information for new residents \u00bb How to take care of your home \u00bb Saving energy at home \u00bb Safety instructions \u2013 what to do in case of a fire? [&hellip;]<\/p>\n","protected":false},"author":12,"featured_media":1916,"parent":165,"menu_order":0,"comment_status":"closed","ping_status":"closed","template":"resident-page.php","meta":{"_acf_changed":false,"inline_featured_image":false,"footnotes":""},"class_list":["post-163","page","type-page","status-publish","has-post-thumbnail","hentry"],"acf":[],"yoast_head":"<!-- This site is optimized with the Yoast SEO plugin v27.3 - https:\/\/yoast.com\/product\/yoast-seo-wordpress\/ -->\n<title>Resident&#039;s guide | KOy Jyrkk\u00e4l\u00e4npolku Turku | Tips for cozy living<\/title>\n<meta name=\"description\" content=\"Jyrkk\u00e4l\u00e4 is a cozy residental area close to nature about 5 km from Turku city centre. In this resident&#039;s guide you will find useful tips for cozy living.\" \/>\n<meta name=\"robots\" content=\"index, follow, max-snippet:-1, max-image-preview:large, max-video-preview:-1\" \/>\n<link rel=\"canonical\" href=\"https:\/\/www.jyrkkala.fi\/en\/for-residents\/residents-guide\/\" \/>\n<meta property=\"og:locale\" content=\"en_US\" \/>\n<meta property=\"og:type\" content=\"article\" \/>\n<meta property=\"og:title\" content=\"Resident&#039;s guide | KOy Jyrkk\u00e4l\u00e4npolku Turku | Tips for cozy living\" \/>\n<meta property=\"og:description\" content=\"Jyrkk\u00e4l\u00e4 is a cozy residental area close to nature about 5 km from Turku city centre. In this resident&#039;s guide you will find useful tips for cozy living.\" \/>\n<meta property=\"og:url\" content=\"https:\/\/www.jyrkkala.fi\/en\/for-residents\/residents-guide\/\" \/>\n<meta property=\"og:site_name\" content=\"KOy Jyrkk\u00e4l\u00e4npolku Turku\" \/>\n<meta property=\"article:modified_time\" content=\"2021-04-01T07:29:03+00:00\" \/>\n<meta property=\"og:image\" content=\"https:\/\/www.jyrkkala.fi\/content\/uploads\/2019\/06\/jyrkkala_825x510px_4.jpg\" \/>\n\t<meta property=\"og:image:width\" content=\"825\" \/>\n\t<meta property=\"og:image:height\" content=\"510\" \/>\n\t<meta property=\"og:image:type\" content=\"image\/jpeg\" \/>\n<meta name=\"twitter:card\" content=\"summary_large_image\" \/>\n<script type=\"application\/ld+json\" class=\"yoast-schema-graph\">{\"@context\":\"https:\\\/\\\/schema.org\",\"@graph\":[{\"@type\":\"WebPage\",\"@id\":\"https:\\\/\\\/www.jyrkkala.fi\\\/en\\\/for-residents\\\/residents-guide\\\/\",\"url\":\"https:\\\/\\\/www.jyrkkala.fi\\\/en\\\/for-residents\\\/residents-guide\\\/\",\"name\":\"Resident's guide | KOy Jyrkk\u00e4l\u00e4npolku Turku | Tips for cozy living\",\"isPartOf\":{\"@id\":\"https:\\\/\\\/jyrkkala.fi\\\/#website\"},\"primaryImageOfPage\":{\"@id\":\"https:\\\/\\\/www.jyrkkala.fi\\\/en\\\/for-residents\\\/residents-guide\\\/#primaryimage\"},\"image\":{\"@id\":\"https:\\\/\\\/www.jyrkkala.fi\\\/en\\\/for-residents\\\/residents-guide\\\/#primaryimage\"},\"thumbnailUrl\":\"https:\\\/\\\/www.jyrkkala.fi\\\/content\\\/uploads\\\/2019\\\/06\\\/jyrkkala_825x510px_4.jpg\",\"datePublished\":\"2019-06-06T06:35:17+00:00\",\"dateModified\":\"2021-04-01T07:29:03+00:00\",\"description\":\"Jyrkk\u00e4l\u00e4 is a cozy residental area close to nature about 5 km from Turku city centre. In this resident's guide you will find useful tips for cozy living.\",\"breadcrumb\":{\"@id\":\"https:\\\/\\\/www.jyrkkala.fi\\\/en\\\/for-residents\\\/residents-guide\\\/#breadcrumb\"},\"inLanguage\":\"en-US\",\"potentialAction\":[{\"@type\":\"ReadAction\",\"target\":[\"https:\\\/\\\/www.jyrkkala.fi\\\/en\\\/for-residents\\\/residents-guide\\\/\"]}]},{\"@type\":\"ImageObject\",\"inLanguage\":\"en-US\",\"@id\":\"https:\\\/\\\/www.jyrkkala.fi\\\/en\\\/for-residents\\\/residents-guide\\\/#primaryimage\",\"url\":\"https:\\\/\\\/www.jyrkkala.fi\\\/content\\\/uploads\\\/2019\\\/06\\\/jyrkkala_825x510px_4.jpg\",\"contentUrl\":\"https:\\\/\\\/www.jyrkkala.fi\\\/content\\\/uploads\\\/2019\\\/06\\\/jyrkkala_825x510px_4.jpg\",\"width\":825,\"height\":510,\"caption\":\"Siisti kerhotila Jyrkk\u00e4l\u00e4n asukkaiden k\u00e4ytt\u00f6\u00f6n\"},{\"@type\":\"BreadcrumbList\",\"@id\":\"https:\\\/\\\/www.jyrkkala.fi\\\/en\\\/for-residents\\\/residents-guide\\\/#breadcrumb\",\"itemListElement\":[{\"@type\":\"ListItem\",\"position\":1,\"name\":\"Home\",\"item\":\"https:\\\/\\\/jyrkkala.fi\\\/en\\\/\"},{\"@type\":\"ListItem\",\"position\":2,\"name\":\"For residents\",\"item\":\"https:\\\/\\\/jyrkkala.fi\\\/en\\\/for-residents\\\/\"},{\"@type\":\"ListItem\",\"position\":3,\"name\":\"Resident&#8217;s guide\"}]},{\"@type\":\"WebSite\",\"@id\":\"https:\\\/\\\/jyrkkala.fi\\\/#website\",\"url\":\"https:\\\/\\\/jyrkkala.fi\\\/\",\"name\":\"KOy Jyrkk\u00e4l\u00e4npolku Turku\",\"description\":\"\",\"potentialAction\":[{\"@type\":\"SearchAction\",\"target\":{\"@type\":\"EntryPoint\",\"urlTemplate\":\"https:\\\/\\\/jyrkkala.fi\\\/?s={search_term_string}\"},\"query-input\":{\"@type\":\"PropertyValueSpecification\",\"valueRequired\":true,\"valueName\":\"search_term_string\"}}],\"inLanguage\":\"en-US\"}]}<\/script>\n<!-- \/ Yoast SEO plugin. -->","yoast_head_json":{"title":"Resident's guide | KOy Jyrkk\u00e4l\u00e4npolku Turku | Tips for cozy living","description":"Jyrkk\u00e4l\u00e4 is a cozy residental area close to nature about 5 km from Turku city centre. In this resident's guide you will find useful tips for cozy living.","robots":{"index":"index","follow":"follow","max-snippet":"max-snippet:-1","max-image-preview":"max-image-preview:large","max-video-preview":"max-video-preview:-1"},"canonical":"https:\/\/www.jyrkkala.fi\/en\/for-residents\/residents-guide\/","og_locale":"en_US","og_type":"article","og_title":"Resident's guide | KOy Jyrkk\u00e4l\u00e4npolku Turku | Tips for cozy living","og_description":"Jyrkk\u00e4l\u00e4 is a cozy residental area close to nature about 5 km from Turku city centre. In this resident's guide you will find useful tips for cozy living.","og_url":"https:\/\/www.jyrkkala.fi\/en\/for-residents\/residents-guide\/","og_site_name":"KOy Jyrkk\u00e4l\u00e4npolku Turku","article_modified_time":"2021-04-01T07:29:03+00:00","og_image":[{"width":825,"height":510,"url":"https:\/\/www.jyrkkala.fi\/content\/uploads\/2019\/06\/jyrkkala_825x510px_4.jpg","type":"image\/jpeg"}],"twitter_card":"summary_large_image","schema":{"@context":"https:\/\/schema.org","@graph":[{"@type":"WebPage","@id":"https:\/\/www.jyrkkala.fi\/en\/for-residents\/residents-guide\/","url":"https:\/\/www.jyrkkala.fi\/en\/for-residents\/residents-guide\/","name":"Resident's guide | KOy Jyrkk\u00e4l\u00e4npolku Turku | Tips for cozy living","isPartOf":{"@id":"https:\/\/jyrkkala.fi\/#website"},"primaryImageOfPage":{"@id":"https:\/\/www.jyrkkala.fi\/en\/for-residents\/residents-guide\/#primaryimage"},"image":{"@id":"https:\/\/www.jyrkkala.fi\/en\/for-residents\/residents-guide\/#primaryimage"},"thumbnailUrl":"https:\/\/www.jyrkkala.fi\/content\/uploads\/2019\/06\/jyrkkala_825x510px_4.jpg","datePublished":"2019-06-06T06:35:17+00:00","dateModified":"2021-04-01T07:29:03+00:00","description":"Jyrkk\u00e4l\u00e4 is a cozy residental area close to nature about 5 km from Turku city centre. In this resident's guide you will find useful tips for cozy living.","breadcrumb":{"@id":"https:\/\/www.jyrkkala.fi\/en\/for-residents\/residents-guide\/#breadcrumb"},"inLanguage":"en-US","potentialAction":[{"@type":"ReadAction","target":["https:\/\/www.jyrkkala.fi\/en\/for-residents\/residents-guide\/"]}]},{"@type":"ImageObject","inLanguage":"en-US","@id":"https:\/\/www.jyrkkala.fi\/en\/for-residents\/residents-guide\/#primaryimage","url":"https:\/\/www.jyrkkala.fi\/content\/uploads\/2019\/06\/jyrkkala_825x510px_4.jpg","contentUrl":"https:\/\/www.jyrkkala.fi\/content\/uploads\/2019\/06\/jyrkkala_825x510px_4.jpg","width":825,"height":510,"caption":"Siisti kerhotila Jyrkk\u00e4l\u00e4n asukkaiden k\u00e4ytt\u00f6\u00f6n"},{"@type":"BreadcrumbList","@id":"https:\/\/www.jyrkkala.fi\/en\/for-residents\/residents-guide\/#breadcrumb","itemListElement":[{"@type":"ListItem","position":1,"name":"Home","item":"https:\/\/jyrkkala.fi\/en\/"},{"@type":"ListItem","position":2,"name":"For residents","item":"https:\/\/jyrkkala.fi\/en\/for-residents\/"},{"@type":"ListItem","position":3,"name":"Resident&#8217;s guide"}]},{"@type":"WebSite","@id":"https:\/\/jyrkkala.fi\/#website","url":"https:\/\/jyrkkala.fi\/","name":"KOy Jyrkk\u00e4l\u00e4npolku Turku","description":"","potentialAction":[{"@type":"SearchAction","target":{"@type":"EntryPoint","urlTemplate":"https:\/\/jyrkkala.fi\/?s={search_term_string}"},"query-input":{"@type":"PropertyValueSpecification","valueRequired":true,"valueName":"search_term_string"}}],"inLanguage":"en-US"}]}},"_links":{"self":[{"href":"https:\/\/www.jyrkkala.fi\/en\/wp-json\/wp\/v2\/pages\/163","targetHints":{"allow":["GET"]}}],"collection":[{"href":"https:\/\/www.jyrkkala.fi\/en\/wp-json\/wp\/v2\/pages"}],"about":[{"href":"https:\/\/www.jyrkkala.fi\/en\/wp-json\/wp\/v2\/types\/page"}],"author":[{"embeddable":true,"href":"https:\/\/www.jyrkkala.fi\/en\/wp-json\/wp\/v2\/users\/12"}],"replies":[{"embeddable":true,"href":"https:\/\/www.jyrkkala.fi\/en\/wp-json\/wp\/v2\/comments?post=163"}],"version-history":[{"count":8,"href":"https:\/\/www.jyrkkala.fi\/en\/wp-json\/wp\/v2\/pages\/163\/revisions"}],"predecessor-version":[{"id":2689,"href":"https:\/\/www.jyrkkala.fi\/en\/wp-json\/wp\/v2\/pages\/163\/revisions\/2689"}],"up":[{"embeddable":true,"href":"https:\/\/www.jyrkkala.fi\/en\/wp-json\/wp\/v2\/pages\/165"}],"wp:featuredmedia":[{"embeddable":true,"href":"https:\/\/www.jyrkkala.fi\/en\/wp-json\/wp\/v2\/media\/1916"}],"wp:attachment":[{"href":"https:\/\/www.jyrkkala.fi\/en\/wp-json\/wp\/v2\/media?parent=163"}],"curies":[{"name":"wp","href":"https:\/\/api.w.org\/{rel}","templated":true}]}}