{"id":165,"date":"2019-05-17T07:18:02","date_gmt":"2019-05-17T07:18:02","guid":{"rendered":"https:\/\/jyrkkala.dev.sst.fi\/?page_id=165"},"modified":"2021-03-31T13:22:49","modified_gmt":"2021-03-31T13:22:49","slug":"for-residents","status":"publish","type":"page","link":"https:\/\/www.jyrkkala.fi\/en\/for-residents\/","title":{"rendered":"For residents"},"content":{"rendered":"","protected":false},"excerpt":{"rendered":"","protected":false},"author":1,"featured_media":2847,"parent":0,"menu_order":0,"comment_status":"closed","ping_status":"closed","template":"resident-page.php","meta":{"_acf_changed":false,"inline_featured_image":false,"footnotes":""},"class_list":["post-165","page","type-page","status-publish","has-post-thumbnail","hentry"],"acf":[],"yoast_head":"<!-- This site is optimized with the Yoast SEO plugin v27.4 - https:\/\/yoast.com\/product\/yoast-seo-wordpress\/ -->\n<title>For residents | KOy Jyrkk\u00e4l\u00e4npolku Turku | Miten voimme auttaa?<\/title>\n<meta name=\"description\" content=\"Jyrkk\u00e4l\u00e4 on kodikas ja luonnonl\u00e4heinen asuinalue noin 5 km Turun keskustasta. Asukkaille-osiosta l\u00f6yd\u00e4t asukkaan palvelut ja vinkkej\u00e4 asumiseen.\" \/>\n<meta name=\"robots\" content=\"index, follow, max-snippet:-1, max-image-preview:large, max-video-preview:-1\" \/>\n<link rel=\"canonical\" href=\"https:\/\/jyrkkala.fi\/en\/for-residents\/\" \/>\n<meta property=\"og:locale\" content=\"en_US\" \/>\n<meta property=\"og:type\" content=\"article\" \/>\n<meta property=\"og:title\" content=\"For residents | KOy Jyrkk\u00e4l\u00e4npolku Turku | Miten voimme auttaa?\" \/>\n<meta property=\"og:description\" content=\"Jyrkk\u00e4l\u00e4 on kodikas ja luonnonl\u00e4heinen asuinalue noin 5 km Turun keskustasta. Asukkaille-osiosta l\u00f6yd\u00e4t asukkaan palvelut ja vinkkej\u00e4 asumiseen.\" \/>\n<meta property=\"og:url\" content=\"https:\/\/jyrkkala.fi\/en\/for-residents\/\" \/>\n<meta property=\"og:site_name\" content=\"KOy Jyrkk\u00e4l\u00e4npolku Turku\" \/>\n<meta property=\"article:modified_time\" content=\"2021-03-31T13:22:49+00:00\" \/>\n<meta property=\"og:image\" content=\"https:\/\/jyrkkala.fi\/content\/uploads\/2021\/03\/jyrkkala_alasivu_header_asukkaille.jpg\" \/>\n\t<meta property=\"og:image:width\" content=\"895\" \/>\n\t<meta property=\"og:image:height\" content=\"327\" \/>\n\t<meta property=\"og:image:type\" content=\"image\/jpeg\" \/>\n<meta name=\"twitter:card\" content=\"summary_large_image\" \/>\n<meta name=\"twitter:label1\" content=\"Est. reading time\" \/>\n\t<meta name=\"twitter:data1\" content=\"1 minute\" \/>\n<script type=\"application\/ld+json\" class=\"yoast-schema-graph\">{\"@context\":\"https:\\\/\\\/schema.org\",\"@graph\":[{\"@type\":\"WebPage\",\"@id\":\"https:\\\/\\\/jyrkkala.fi\\\/en\\\/for-residents\\\/\",\"url\":\"https:\\\/\\\/jyrkkala.fi\\\/en\\\/for-residents\\\/\",\"name\":\"For residents | KOy Jyrkk\u00e4l\u00e4npolku Turku | Miten voimme auttaa?\",\"isPartOf\":{\"@id\":\"https:\\\/\\\/jyrkkala.fi\\\/#website\"},\"primaryImageOfPage\":{\"@id\":\"https:\\\/\\\/jyrkkala.fi\\\/en\\\/for-residents\\\/#primaryimage\"},\"image\":{\"@id\":\"https:\\\/\\\/jyrkkala.fi\\\/en\\\/for-residents\\\/#primaryimage\"},\"thumbnailUrl\":\"https:\\\/\\\/www.jyrkkala.fi\\\/content\\\/uploads\\\/2021\\\/03\\\/jyrkkala_alasivu_header_asukkaille.jpg\",\"datePublished\":\"2019-05-17T07:18:02+00:00\",\"dateModified\":\"2021-03-31T13:22:49+00:00\",\"description\":\"Jyrkk\u00e4l\u00e4 on kodikas ja luonnonl\u00e4heinen asuinalue noin 5 km Turun keskustasta. Asukkaille-osiosta l\u00f6yd\u00e4t asukkaan palvelut ja vinkkej\u00e4 asumiseen.\",\"breadcrumb\":{\"@id\":\"https:\\\/\\\/jyrkkala.fi\\\/en\\\/for-residents\\\/#breadcrumb\"},\"inLanguage\":\"en-US\",\"potentialAction\":[{\"@type\":\"ReadAction\",\"target\":[\"https:\\\/\\\/jyrkkala.fi\\\/en\\\/for-residents\\\/\"]}]},{\"@type\":\"ImageObject\",\"inLanguage\":\"en-US\",\"@id\":\"https:\\\/\\\/jyrkkala.fi\\\/en\\\/for-residents\\\/#primaryimage\",\"url\":\"https:\\\/\\\/www.jyrkkala.fi\\\/content\\\/uploads\\\/2021\\\/03\\\/jyrkkala_alasivu_header_asukkaille.jpg\",\"contentUrl\":\"https:\\\/\\\/www.jyrkkala.fi\\\/content\\\/uploads\\\/2021\\\/03\\\/jyrkkala_alasivu_header_asukkaille.jpg\",\"width\":895,\"height\":327},{\"@type\":\"BreadcrumbList\",\"@id\":\"https:\\\/\\\/jyrkkala.fi\\\/en\\\/for-residents\\\/#breadcrumb\",\"itemListElement\":[{\"@type\":\"ListItem\",\"position\":1,\"name\":\"Home\",\"item\":\"https:\\\/\\\/jyrkkala.fi\\\/en\\\/\"},{\"@type\":\"ListItem\",\"position\":2,\"name\":\"For residents\"}]},{\"@type\":\"WebSite\",\"@id\":\"https:\\\/\\\/jyrkkala.fi\\\/#website\",\"url\":\"https:\\\/\\\/jyrkkala.fi\\\/\",\"name\":\"KOy Jyrkk\u00e4l\u00e4npolku Turku\",\"description\":\"\",\"potentialAction\":[{\"@type\":\"SearchAction\",\"target\":{\"@type\":\"EntryPoint\",\"urlTemplate\":\"https:\\\/\\\/jyrkkala.fi\\\/?s={search_term_string}\"},\"query-input\":{\"@type\":\"PropertyValueSpecification\",\"valueRequired\":true,\"valueName\":\"search_term_string\"}}],\"inLanguage\":\"en-US\"}]}<\/script>\n<!-- \/ Yoast SEO plugin. -->","yoast_head_json":{"title":"For residents | KOy Jyrkk\u00e4l\u00e4npolku Turku | Miten voimme auttaa?","description":"Jyrkk\u00e4l\u00e4 on kodikas ja luonnonl\u00e4heinen asuinalue noin 5 km Turun keskustasta. Asukkaille-osiosta l\u00f6yd\u00e4t asukkaan palvelut ja vinkkej\u00e4 asumiseen.","robots":{"index":"index","follow":"follow","max-snippet":"max-snippet:-1","max-image-preview":"max-image-preview:large","max-video-preview":"max-video-preview:-1"},"canonical":"https:\/\/jyrkkala.fi\/en\/for-residents\/","og_locale":"en_US","og_type":"article","og_title":"For residents | KOy Jyrkk\u00e4l\u00e4npolku Turku | Miten voimme auttaa?","og_description":"Jyrkk\u00e4l\u00e4 on kodikas ja luonnonl\u00e4heinen asuinalue noin 5 km Turun keskustasta. Asukkaille-osiosta l\u00f6yd\u00e4t asukkaan palvelut ja vinkkej\u00e4 asumiseen.","og_url":"https:\/\/jyrkkala.fi\/en\/for-residents\/","og_site_name":"KOy Jyrkk\u00e4l\u00e4npolku Turku","article_modified_time":"2021-03-31T13:22:49+00:00","og_image":[{"width":895,"height":327,"url":"https:\/\/jyrkkala.fi\/content\/uploads\/2021\/03\/jyrkkala_alasivu_header_asukkaille.jpg","type":"image\/jpeg"}],"twitter_card":"summary_large_image","twitter_misc":{"Est. reading time":"1 minute"},"schema":{"@context":"https:\/\/schema.org","@graph":[{"@type":"WebPage","@id":"https:\/\/jyrkkala.fi\/en\/for-residents\/","url":"https:\/\/jyrkkala.fi\/en\/for-residents\/","name":"For residents | KOy Jyrkk\u00e4l\u00e4npolku Turku | Miten voimme auttaa?","isPartOf":{"@id":"https:\/\/jyrkkala.fi\/#website"},"primaryImageOfPage":{"@id":"https:\/\/jyrkkala.fi\/en\/for-residents\/#primaryimage"},"image":{"@id":"https:\/\/jyrkkala.fi\/en\/for-residents\/#primaryimage"},"thumbnailUrl":"https:\/\/www.jyrkkala.fi\/content\/uploads\/2021\/03\/jyrkkala_alasivu_header_asukkaille.jpg","datePublished":"2019-05-17T07:18:02+00:00","dateModified":"2021-03-31T13:22:49+00:00","description":"Jyrkk\u00e4l\u00e4 on kodikas ja luonnonl\u00e4heinen asuinalue noin 5 km Turun keskustasta. Asukkaille-osiosta l\u00f6yd\u00e4t asukkaan palvelut ja vinkkej\u00e4 asumiseen.","breadcrumb":{"@id":"https:\/\/jyrkkala.fi\/en\/for-residents\/#breadcrumb"},"inLanguage":"en-US","potentialAction":[{"@type":"ReadAction","target":["https:\/\/jyrkkala.fi\/en\/for-residents\/"]}]},{"@type":"ImageObject","inLanguage":"en-US","@id":"https:\/\/jyrkkala.fi\/en\/for-residents\/#primaryimage","url":"https:\/\/www.jyrkkala.fi\/content\/uploads\/2021\/03\/jyrkkala_alasivu_header_asukkaille.jpg","contentUrl":"https:\/\/www.jyrkkala.fi\/content\/uploads\/2021\/03\/jyrkkala_alasivu_header_asukkaille.jpg","width":895,"height":327},{"@type":"BreadcrumbList","@id":"https:\/\/jyrkkala.fi\/en\/for-residents\/#breadcrumb","itemListElement":[{"@type":"ListItem","position":1,"name":"Home","item":"https:\/\/jyrkkala.fi\/en\/"},{"@type":"ListItem","position":2,"name":"For residents"}]},{"@type":"WebSite","@id":"https:\/\/jyrkkala.fi\/#website","url":"https:\/\/jyrkkala.fi\/","name":"KOy Jyrkk\u00e4l\u00e4npolku Turku","description":"","potentialAction":[{"@type":"SearchAction","target":{"@type":"EntryPoint","urlTemplate":"https:\/\/jyrkkala.fi\/?s={search_term_string}"},"query-input":{"@type":"PropertyValueSpecification","valueRequired":true,"valueName":"search_term_string"}}],"inLanguage":"en-US"}]}},"_links":{"self":[{"href":"https:\/\/www.jyrkkala.fi\/en\/wp-json\/wp\/v2\/pages\/165","targetHints":{"allow":["GET"]}}],"collection":[{"href":"https:\/\/www.jyrkkala.fi\/en\/wp-json\/wp\/v2\/pages"}],"about":[{"href":"https:\/\/www.jyrkkala.fi\/en\/wp-json\/wp\/v2\/types\/page"}],"author":[{"embeddable":true,"href":"https:\/\/www.jyrkkala.fi\/en\/wp-json\/wp\/v2\/users\/1"}],"replies":[{"embeddable":true,"href":"https:\/\/www.jyrkkala.fi\/en\/wp-json\/wp\/v2\/comments?post=165"}],"version-history":[{"count":19,"href":"https:\/\/www.jyrkkala.fi\/en\/wp-json\/wp\/v2\/pages\/165\/revisions"}],"predecessor-version":[{"id":3173,"href":"https:\/\/www.jyrkkala.fi\/en\/wp-json\/wp\/v2\/pages\/165\/revisions\/3173"}],"wp:featuredmedia":[{"embeddable":true,"href":"https:\/\/www.jyrkkala.fi\/en\/wp-json\/wp\/v2\/media\/2847"}],"wp:attachment":[{"href":"https:\/\/www.jyrkkala.fi\/en\/wp-json\/wp\/v2\/media?parent=165"}],"curies":[{"name":"wp","href":"https:\/\/api.w.org\/{rel}","templated":true}]}}