{"id":295,"date":"2019-06-07T07:24:59","date_gmt":"2019-06-07T07:24:59","guid":{"rendered":"https:\/\/jyrkkala.dev.sst.fi\/?page_id=295"},"modified":"2025-12-29T15:56:20","modified_gmt":"2025-12-29T15:56:20","slug":"apartment-application","status":"publish","type":"page","link":"https:\/\/www.jyrkkala.fi\/en\/apartments\/apartment-application\/","title":{"rendered":"Apartment application"},"content":{"rendered":"<p>Did you find a home you like? With one application you can apply for the house you prefer. You can also search all houses in the area at once by selecting &#8220;all houses&#8221; on the search page. The application is valid for three months and can be renewed by personal notice.<\/p>\n<p>Your right to move to the apartment is secured by signing the rental contract and paying the deposit. The keys can be handed over when this payment is on the landlord&#8217;s bank account.<\/p>\n<p><a class=\"tee-asuntohakemus\" href=\"https:\/\/public.aulaan.com\/jyrkkalanpolku\/rentable-units\" target=\"_blank\" rel=\"noopener noreferrer\">Apply for an apartment \u00bb<\/a><\/p>\n","protected":false},"excerpt":{"rendered":"<p>Did you find a home you like? With one application you can apply for the house you prefer. You can also search all houses in the area at once by selecting &#8220;all houses&#8221; on the search page. The application is valid for three months and can be renewed by personal notice. Your right to move [&hellip;]<\/p>\n","protected":false},"author":12,"featured_media":0,"parent":270,"menu_order":0,"comment_status":"closed","ping_status":"closed","template":"apartments-page.php","meta":{"_acf_changed":false,"inline_featured_image":false,"footnotes":""},"class_list":["post-295","page","type-page","status-publish","hentry"],"acf":[],"yoast_head":"<!-- This site is optimized with the Yoast SEO plugin v27.4 - https:\/\/yoast.com\/product\/yoast-seo-wordpress\/ -->\n<title>Apartment application | KOy Jyrkk\u00e4l\u00e4npolku Turku | Find your new home<\/title>\n<meta name=\"description\" content=\"Jyrkk\u00e4l\u00e4 is a cozy residental area close to nature about 5 km from Turku city centre. On this page you can see and apply to the available apartments.\" \/>\n<meta name=\"robots\" content=\"index, follow, max-snippet:-1, max-image-preview:large, max-video-preview:-1\" \/>\n<link rel=\"canonical\" href=\"https:\/\/www.jyrkkala.fi\/en\/apartments\/apartment-application\/\" \/>\n<meta property=\"og:locale\" content=\"en_US\" \/>\n<meta property=\"og:type\" content=\"article\" \/>\n<meta property=\"og:title\" content=\"Apartment application | KOy Jyrkk\u00e4l\u00e4npolku Turku | Find your new home\" \/>\n<meta property=\"og:description\" content=\"Jyrkk\u00e4l\u00e4 is a cozy residental area close to nature about 5 km from Turku city centre. On this page you can see and apply to the available apartments.\" \/>\n<meta property=\"og:url\" content=\"https:\/\/www.jyrkkala.fi\/en\/apartments\/apartment-application\/\" \/>\n<meta property=\"og:site_name\" content=\"KOy Jyrkk\u00e4l\u00e4npolku Turku\" \/>\n<meta property=\"article:modified_time\" content=\"2025-12-29T15:56:20+00:00\" \/>\n<meta name=\"twitter:card\" content=\"summary_large_image\" \/>\n<meta name=\"twitter:label1\" content=\"Est. reading time\" \/>\n\t<meta name=\"twitter:data1\" content=\"1 minute\" \/>\n<script type=\"application\/ld+json\" class=\"yoast-schema-graph\">{\"@context\":\"https:\\\/\\\/schema.org\",\"@graph\":[{\"@type\":\"WebPage\",\"@id\":\"https:\\\/\\\/www.jyrkkala.fi\\\/en\\\/apartments\\\/apartment-application\\\/\",\"url\":\"https:\\\/\\\/www.jyrkkala.fi\\\/en\\\/apartments\\\/apartment-application\\\/\",\"name\":\"Apartment application | KOy Jyrkk\u00e4l\u00e4npolku Turku | Find your new home\",\"isPartOf\":{\"@id\":\"https:\\\/\\\/jyrkkala.fi\\\/#website\"},\"datePublished\":\"2019-06-07T07:24:59+00:00\",\"dateModified\":\"2025-12-29T15:56:20+00:00\",\"description\":\"Jyrkk\u00e4l\u00e4 is a cozy residental area close to nature about 5 km from Turku city centre. On this page you can see and apply to the available apartments.\",\"breadcrumb\":{\"@id\":\"https:\\\/\\\/www.jyrkkala.fi\\\/en\\\/apartments\\\/apartment-application\\\/#breadcrumb\"},\"inLanguage\":\"en-US\",\"potentialAction\":[{\"@type\":\"ReadAction\",\"target\":[\"https:\\\/\\\/www.jyrkkala.fi\\\/en\\\/apartments\\\/apartment-application\\\/\"]}]},{\"@type\":\"BreadcrumbList\",\"@id\":\"https:\\\/\\\/www.jyrkkala.fi\\\/en\\\/apartments\\\/apartment-application\\\/#breadcrumb\",\"itemListElement\":[{\"@type\":\"ListItem\",\"position\":1,\"name\":\"Home\",\"item\":\"https:\\\/\\\/jyrkkala.fi\\\/en\\\/\"},{\"@type\":\"ListItem\",\"position\":2,\"name\":\"Find your new home\",\"item\":\"https:\\\/\\\/www.jyrkkala.fi\\\/en\\\/apartments\\\/\"},{\"@type\":\"ListItem\",\"position\":3,\"name\":\"Apartment application\"}]},{\"@type\":\"WebSite\",\"@id\":\"https:\\\/\\\/jyrkkala.fi\\\/#website\",\"url\":\"https:\\\/\\\/jyrkkala.fi\\\/\",\"name\":\"KOy Jyrkk\u00e4l\u00e4npolku Turku\",\"description\":\"\",\"potentialAction\":[{\"@type\":\"SearchAction\",\"target\":{\"@type\":\"EntryPoint\",\"urlTemplate\":\"https:\\\/\\\/jyrkkala.fi\\\/?s={search_term_string}\"},\"query-input\":{\"@type\":\"PropertyValueSpecification\",\"valueRequired\":true,\"valueName\":\"search_term_string\"}}],\"inLanguage\":\"en-US\"}]}<\/script>\n<!-- \/ Yoast SEO plugin. -->","yoast_head_json":{"title":"Apartment application | KOy Jyrkk\u00e4l\u00e4npolku Turku | Find your new home","description":"Jyrkk\u00e4l\u00e4 is a cozy residental area close to nature about 5 km from Turku city centre. On this page you can see and apply to the available apartments.","robots":{"index":"index","follow":"follow","max-snippet":"max-snippet:-1","max-image-preview":"max-image-preview:large","max-video-preview":"max-video-preview:-1"},"canonical":"https:\/\/www.jyrkkala.fi\/en\/apartments\/apartment-application\/","og_locale":"en_US","og_type":"article","og_title":"Apartment application | KOy Jyrkk\u00e4l\u00e4npolku Turku | Find your new home","og_description":"Jyrkk\u00e4l\u00e4 is a cozy residental area close to nature about 5 km from Turku city centre. On this page you can see and apply to the available apartments.","og_url":"https:\/\/www.jyrkkala.fi\/en\/apartments\/apartment-application\/","og_site_name":"KOy Jyrkk\u00e4l\u00e4npolku Turku","article_modified_time":"2025-12-29T15:56:20+00:00","twitter_card":"summary_large_image","twitter_misc":{"Est. reading time":"1 minute"},"schema":{"@context":"https:\/\/schema.org","@graph":[{"@type":"WebPage","@id":"https:\/\/www.jyrkkala.fi\/en\/apartments\/apartment-application\/","url":"https:\/\/www.jyrkkala.fi\/en\/apartments\/apartment-application\/","name":"Apartment application | KOy Jyrkk\u00e4l\u00e4npolku Turku | Find your new home","isPartOf":{"@id":"https:\/\/jyrkkala.fi\/#website"},"datePublished":"2019-06-07T07:24:59+00:00","dateModified":"2025-12-29T15:56:20+00:00","description":"Jyrkk\u00e4l\u00e4 is a cozy residental area close to nature about 5 km from Turku city centre. On this page you can see and apply to the available apartments.","breadcrumb":{"@id":"https:\/\/www.jyrkkala.fi\/en\/apartments\/apartment-application\/#breadcrumb"},"inLanguage":"en-US","potentialAction":[{"@type":"ReadAction","target":["https:\/\/www.jyrkkala.fi\/en\/apartments\/apartment-application\/"]}]},{"@type":"BreadcrumbList","@id":"https:\/\/www.jyrkkala.fi\/en\/apartments\/apartment-application\/#breadcrumb","itemListElement":[{"@type":"ListItem","position":1,"name":"Home","item":"https:\/\/jyrkkala.fi\/en\/"},{"@type":"ListItem","position":2,"name":"Find your new home","item":"https:\/\/www.jyrkkala.fi\/en\/apartments\/"},{"@type":"ListItem","position":3,"name":"Apartment application"}]},{"@type":"WebSite","@id":"https:\/\/jyrkkala.fi\/#website","url":"https:\/\/jyrkkala.fi\/","name":"KOy Jyrkk\u00e4l\u00e4npolku Turku","description":"","potentialAction":[{"@type":"SearchAction","target":{"@type":"EntryPoint","urlTemplate":"https:\/\/jyrkkala.fi\/?s={search_term_string}"},"query-input":{"@type":"PropertyValueSpecification","valueRequired":true,"valueName":"search_term_string"}}],"inLanguage":"en-US"}]}},"_links":{"self":[{"href":"https:\/\/www.jyrkkala.fi\/en\/wp-json\/wp\/v2\/pages\/295","targetHints":{"allow":["GET"]}}],"collection":[{"href":"https:\/\/www.jyrkkala.fi\/en\/wp-json\/wp\/v2\/pages"}],"about":[{"href":"https:\/\/www.jyrkkala.fi\/en\/wp-json\/wp\/v2\/types\/page"}],"author":[{"embeddable":true,"href":"https:\/\/www.jyrkkala.fi\/en\/wp-json\/wp\/v2\/users\/12"}],"replies":[{"embeddable":true,"href":"https:\/\/www.jyrkkala.fi\/en\/wp-json\/wp\/v2\/comments?post=295"}],"version-history":[{"count":6,"href":"https:\/\/www.jyrkkala.fi\/en\/wp-json\/wp\/v2\/pages\/295\/revisions"}],"predecessor-version":[{"id":4171,"href":"https:\/\/www.jyrkkala.fi\/en\/wp-json\/wp\/v2\/pages\/295\/revisions\/4171"}],"up":[{"embeddable":true,"href":"https:\/\/www.jyrkkala.fi\/en\/wp-json\/wp\/v2\/pages\/270"}],"wp:attachment":[{"href":"https:\/\/www.jyrkkala.fi\/en\/wp-json\/wp\/v2\/media?parent=295"}],"curies":[{"name":"wp","href":"https:\/\/api.w.org\/{rel}","templated":true}]}}